{"id":894,"date":"2024-07-30T10:47:20","date_gmt":"2024-07-30T14:47:20","guid":{"rendered":"http:\/\/cm\/?page_id=894"},"modified":"2024-08-07T15:02:55","modified_gmt":"2024-08-07T19:02:55","slug":"efficacite-energetique","status":"publish","type":"page","link":"https:\/\/dev.enercogc.com\/en\/efficacite-energetique\/","title":{"rendered":"Efficacit\u00e9 \u00e9nerg\u00e9tique"},"content":{"rendered":"<div data-elementor-type=\"wp-page\" data-elementor-id=\"894\" class=\"elementor elementor-894\">\n\t\t\t\t\t\t<section class=\"elementor-section elementor-top-section elementor-element elementor-element-2096a2b elementor-section-height-min-height elementor-section-items-bottom elementor-section-boxed elementor-section-height-default\" data-id=\"2096a2b\" data-element_type=\"section\" data-settings=\"{&quot;background_background&quot;:&quot;gradient&quot;}\">\n\t\t\t\t\t\t\t<div class=\"elementor-background-overlay\"><\/div>\n\t\t\t\t\t\t\t<div class=\"elementor-container elementor-column-gap-default\">\n\t\t\t\t\t<div class=\"elementor-column elementor-col-50 elementor-top-column elementor-element elementor-element-66ce617d\" data-id=\"66ce617d\" data-element_type=\"column\">\n\t\t\t<div class=\"elementor-widget-wrap elementor-element-populated\">\n\t\t\t\t\t\t<div class=\"elementor-element elementor-element-5de66233 elementor-widget-mobile__width-auto elementor-widget-tablet__width-auto jkit-equal-height-disable elementor-widget elementor-widget-jkit_icon_box\" data-id=\"5de66233\" data-element_type=\"widget\" data-widget_type=\"jkit_icon_box.default\">\n\t\t\t\t<div class=\"elementor-widget-container\">\n\t\t\t<div  class=\"jeg-elementor-kit jkit-icon-box icon-position-left elementor-animation- jeg_module___6a02e90f7490c\" ><div class=\"jkit-icon-box-wrapper hover-from-left\"><div class=\"icon-box icon-box-header elementor-animation-\"><div class=\"icon style-color\"><img fetchpriority=\"high\" decoding=\"async\" width=\"462\" height=\"196\" src=\"https:\/\/dev.enercogc.com\/wp-content\/uploads\/2024\/08\/cercles-04.png\" class=\"attachment-full size-full\" alt=\"\" url=\"https:\/\/dev.enercogc.com\/wp-content\/uploads\/2024\/08\/cercles-04.png\" source=\"library\" srcset=\"https:\/\/dev.enercogc.com\/wp-content\/uploads\/2024\/08\/cercles-04.png 462w, https:\/\/dev.enercogc.com\/wp-content\/uploads\/2024\/08\/cercles-04-300x127.png 300w, https:\/\/dev.enercogc.com\/wp-content\/uploads\/2024\/08\/cercles-04-18x8.png 18w\" sizes=\"(max-width: 462px) 100vw, 462px\" \/><\/div><\/div><div class=\"icon-box icon-box-body\">\n                \n            <\/div>\n            \n            <\/div><\/div>\t\t<\/div>\n\t\t\t\t<\/div>\n\t\t\t\t<div class=\"elementor-element elementor-element-691c520 elementor-widget elementor-widget-jkit_heading\" data-id=\"691c520\" data-element_type=\"widget\" data-widget_type=\"jkit_heading.default\">\n\t\t\t\t<div class=\"elementor-widget-container\">\n\t\t\t<div  class=\"jeg-elementor-kit jkit-heading  align-left align-tablet-center align-mobile-center jeg_module__1_6a02e90f75bea\" ><div class=\"heading-section-title  display-inline-block\"><h1 class=\"heading-title\"><span class=\"style-color\"><span>Efficacit\u00e9 \u00e9nerg\u00e9tique<\/span><\/span><\/h1><\/div><div class=\"heading-section-description\"><\/div><\/div>\t\t<\/div>\n\t\t\t\t<\/div>\n\t\t\t\t\t<\/div>\n\t\t<\/div>\n\t\t\t\t<div class=\"elementor-column elementor-col-50 elementor-top-column elementor-element elementor-element-56eb7557\" data-id=\"56eb7557\" data-element_type=\"column\">\n\t\t\t<div class=\"elementor-widget-wrap\">\n\t\t\t\t\t\t\t<\/div>\n\t\t<\/div>\n\t\t\t\t\t<\/div>\n\t\t<\/section>\n\t\t\t\t<section class=\"elementor-section elementor-top-section elementor-element elementor-element-69f67302 elementor-section-boxed elementor-section-height-default elementor-section-height-default\" data-id=\"69f67302\" data-element_type=\"section\">\n\t\t\t\t\t\t<div class=\"elementor-container elementor-column-gap-default\">\n\t\t\t\t\t<div class=\"elementor-column elementor-col-100 elementor-top-column elementor-element elementor-element-207c7394\" data-id=\"207c7394\" data-element_type=\"column\">\n\t\t\t<div class=\"elementor-widget-wrap elementor-element-populated\">\n\t\t\t\t\t\t<section class=\"elementor-section elementor-inner-section elementor-element elementor-element-547c62c9 elementor-section-boxed elementor-section-height-default elementor-section-height-default\" data-id=\"547c62c9\" data-element_type=\"section\">\n\t\t\t\t\t\t<div class=\"elementor-container elementor-column-gap-default\">\n\t\t\t\t\t<div class=\"elementor-column elementor-col-33 elementor-inner-column elementor-element elementor-element-1e70a465\" data-id=\"1e70a465\" data-element_type=\"column\">\n\t\t\t<div class=\"elementor-widget-wrap elementor-element-populated\">\n\t\t\t\t\t\t<div class=\"elementor-element elementor-element-39df44f servicesItems elementor-widget elementor-widget-jkit_feature_list\" data-id=\"39df44f\" data-element_type=\"widget\" data-widget_type=\"jkit_feature_list.default\">\n\t\t\t\t<div class=\"elementor-widget-container\">\n\t\t\t<div  class=\"jeg-elementor-kit jkit-feature-list icon-position-left icon-position-left icon-position-left jeg_module__2_6a02e90f77dbf\" ><ul class=\"feature-list-items shape-circle shape-view-stacked\"><li class=\"feature-list-item elementor-repeater-item-c23b90e\">\n\t\t\t\t\n\t\t\t\t<div class=\"feature-list-icon-box\">\n\t\t\t\t\t<div class=\"feature-list-icon-inner\">\n\t\t\t\t\t\t<span class=\"feature-list-icon\">\n\t\t\t\t\t\t\t<i aria-hidden=\"true\" class=\"jki jki-check-light\"><\/i>\n\t\t\t\t\t\t<\/span>\n\t\t\t\t\t<\/div>\n\t\t\t\t<\/div>\n\t\t\t\t<div class=\"feature-list-content-box\">\n\t\t\t\t\t<h4 class=\"feature-list-title\">Conception de programme d\u2019entretien pr\u00e9ventif<\/h4>\n\t\t\t\t<\/div>\n\t\t\t<\/li><li class=\"feature-list-item elementor-repeater-item-b8f1e9b\">\n\t\t\t\t\n\t\t\t\t<div class=\"feature-list-icon-box\">\n\t\t\t\t\t<div class=\"feature-list-icon-inner\">\n\t\t\t\t\t\t<span class=\"feature-list-icon\">\n\t\t\t\t\t\t\t<i aria-hidden=\"true\" class=\"jki jki-check-light\"><\/i>\n\t\t\t\t\t\t<\/span>\n\t\t\t\t\t<\/div>\n\t\t\t\t<\/div>\n\t\t\t\t<div class=\"feature-list-content-box\">\n\t\t\t\t\t<h4 class=\"feature-list-title\">R\u00e9cup\u00e9ration de chaleur<\/h4>\n\t\t\t\t<\/div>\n\t\t\t<\/li><li class=\"feature-list-item elementor-repeater-item-064bc1f\">\n\t\t\t\t\n\t\t\t\t<div class=\"feature-list-icon-box\">\n\t\t\t\t\t<div class=\"feature-list-icon-inner\">\n\t\t\t\t\t\t<span class=\"feature-list-icon\">\n\t\t\t\t\t\t\t<i aria-hidden=\"true\" class=\"jki jki-check-light\"><\/i>\n\t\t\t\t\t\t<\/span>\n\t\t\t\t\t<\/div>\n\t\t\t\t<\/div>\n\t\t\t\t<div class=\"feature-list-content-box\">\n\t\t\t\t\t<h4 class=\"feature-list-title\">Conversion de source d\u2019\u00e9nergie<\/h4>\n\t\t\t\t<\/div>\n\t\t\t<\/li><li class=\"feature-list-item elementor-repeater-item-35dbade\">\n\t\t\t\t\n\t\t\t\t<div class=\"feature-list-icon-box\">\n\t\t\t\t\t<div class=\"feature-list-icon-inner\">\n\t\t\t\t\t\t<span class=\"feature-list-icon\">\n\t\t\t\t\t\t\t<i aria-hidden=\"true\" class=\"jki jki-check-light\"><\/i>\n\t\t\t\t\t\t<\/span>\n\t\t\t\t\t<\/div>\n\t\t\t\t<\/div>\n\t\t\t\t<div class=\"feature-list-content-box\">\n\t\t\t\t\t<h4 class=\"feature-list-title\">Audit \u00e9nerg\u00e9tique<\/h4>\n\t\t\t\t<\/div>\n\t\t\t<\/li><\/ul><\/div>\t\t<\/div>\n\t\t\t\t<\/div>\n\t\t\t\t\t<\/div>\n\t\t<\/div>\n\t\t\t\t<div class=\"elementor-column elementor-col-33 elementor-inner-column elementor-element elementor-element-cf3e881\" data-id=\"cf3e881\" data-element_type=\"column\">\n\t\t\t<div class=\"elementor-widget-wrap elementor-element-populated\">\n\t\t\t\t\t\t<div class=\"elementor-element elementor-element-904a0e1 servicesItems elementor-widget elementor-widget-jkit_feature_list\" data-id=\"904a0e1\" data-element_type=\"widget\" data-widget_type=\"jkit_feature_list.default\">\n\t\t\t\t<div class=\"elementor-widget-container\">\n\t\t\t<div  class=\"jeg-elementor-kit jkit-feature-list icon-position-left icon-position-left icon-position-left jeg_module__3_6a02e90f78651\" ><ul class=\"feature-list-items shape-circle shape-view-stacked\"><li class=\"feature-list-item elementor-repeater-item-c23b90e\">\n\t\t\t\t\n\t\t\t\t<div class=\"feature-list-icon-box\">\n\t\t\t\t\t<div class=\"feature-list-icon-inner\">\n\t\t\t\t\t\t<span class=\"feature-list-icon\">\n\t\t\t\t\t\t\t<i aria-hidden=\"true\" class=\"jki jki-check-light\"><\/i>\n\t\t\t\t\t\t<\/span>\n\t\t\t\t\t<\/div>\n\t\t\t\t<\/div>\n\t\t\t\t<div class=\"feature-list-content-box\">\n\t\t\t\t\t<h4 class=\"feature-list-title\">Optimisation de syst\u00e8me CVAC<\/h4>\n\t\t\t\t<\/div>\n\t\t\t<\/li><li class=\"feature-list-item elementor-repeater-item-b8f1e9b\">\n\t\t\t\t\n\t\t\t\t<div class=\"feature-list-icon-box\">\n\t\t\t\t\t<div class=\"feature-list-icon-inner\">\n\t\t\t\t\t\t<span class=\"feature-list-icon\">\n\t\t\t\t\t\t\t<i aria-hidden=\"true\" class=\"jki jki-check-light\"><\/i>\n\t\t\t\t\t\t<\/span>\n\t\t\t\t\t<\/div>\n\t\t\t\t<\/div>\n\t\t\t\t<div class=\"feature-list-content-box\">\n\t\t\t\t\t<h4 class=\"feature-list-title\">Thermopompage<\/h4>\n\t\t\t\t<\/div>\n\t\t\t<\/li><li class=\"feature-list-item elementor-repeater-item-064bc1f\">\n\t\t\t\t\n\t\t\t\t<div class=\"feature-list-icon-box\">\n\t\t\t\t\t<div class=\"feature-list-icon-inner\">\n\t\t\t\t\t\t<span class=\"feature-list-icon\">\n\t\t\t\t\t\t\t<i aria-hidden=\"true\" class=\"jki jki-check-light\"><\/i>\n\t\t\t\t\t\t<\/span>\n\t\t\t\t\t<\/div>\n\t\t\t\t<\/div>\n\t\t\t\t<div class=\"feature-list-content-box\">\n\t\t\t\t\t<h4 class=\"feature-list-title\">Boucle de r\u00e9cup\u00e9ration au glycol<\/h4>\n\t\t\t\t<\/div>\n\t\t\t<\/li><li class=\"feature-list-item elementor-repeater-item-35dbade\">\n\t\t\t\t\n\t\t\t\t<div class=\"feature-list-icon-box\">\n\t\t\t\t\t<div class=\"feature-list-icon-inner\">\n\t\t\t\t\t\t<span class=\"feature-list-icon\">\n\t\t\t\t\t\t\t<i aria-hidden=\"true\" class=\"jki jki-check-light\"><\/i>\n\t\t\t\t\t\t<\/span>\n\t\t\t\t\t<\/div>\n\t\t\t\t<\/div>\n\t\t\t\t<div class=\"feature-list-content-box\">\n\t\t\t\t\t<h4 class=\"feature-list-title\">Commissioning et recommissioning des syst\u00e8mes CVAC<\/h4>\n\t\t\t\t<\/div>\n\t\t\t<\/li><\/ul><\/div>\t\t<\/div>\n\t\t\t\t<\/div>\n\t\t\t\t\t<\/div>\n\t\t<\/div>\n\t\t\t\t<div class=\"elementor-column elementor-col-33 elementor-inner-column elementor-element elementor-element-e54d09c\" data-id=\"e54d09c\" data-element_type=\"column\">\n\t\t\t<div class=\"elementor-widget-wrap elementor-element-populated\">\n\t\t\t\t\t\t<div class=\"elementor-element elementor-element-6d59ad0 servicesItems elementor-widget elementor-widget-jkit_feature_list\" data-id=\"6d59ad0\" data-element_type=\"widget\" data-widget_type=\"jkit_feature_list.default\">\n\t\t\t\t<div class=\"elementor-widget-container\">\n\t\t\t<div  class=\"jeg-elementor-kit jkit-feature-list icon-position-left icon-position-left icon-position-left jeg_module__4_6a02e90f78e07\" ><ul class=\"feature-list-items shape-circle shape-view-stacked\"><li class=\"feature-list-item elementor-repeater-item-c23b90e\">\n\t\t\t\t\n\t\t\t\t<div class=\"feature-list-icon-box\">\n\t\t\t\t\t<div class=\"feature-list-icon-inner\">\n\t\t\t\t\t\t<span class=\"feature-list-icon\">\n\t\t\t\t\t\t\t<i aria-hidden=\"true\" class=\"icon icon-check\"><\/i>\n\t\t\t\t\t\t<\/span>\n\t\t\t\t\t<\/div>\n\t\t\t\t<\/div>\n\t\t\t\t<div class=\"feature-list-content-box\">\n\t\t\t\t\t<h4 class=\"feature-list-title\">\u00c9tude \u00e9co\u00e9nerg\u00e9tique<\/h4>\n\t\t\t\t<\/div>\n\t\t\t<\/li><li class=\"feature-list-item elementor-repeater-item-aa11778\">\n\t\t\t\t\n\t\t\t\t<div class=\"feature-list-icon-box\">\n\t\t\t\t\t<div class=\"feature-list-icon-inner\">\n\t\t\t\t\t\t<span class=\"feature-list-icon\">\n\t\t\t\t\t\t\t<i aria-hidden=\"true\" class=\"jki jki-check-light\"><\/i>\n\t\t\t\t\t\t<\/span>\n\t\t\t\t\t<\/div>\n\t\t\t\t<\/div>\n\t\t\t\t<div class=\"feature-list-content-box\">\n\t\t\t\t\t<h4 class=\"feature-list-title\">Recherche d\u2019appuis financiers<\/h4>\n\t\t\t\t<\/div>\n\t\t\t<\/li><li class=\"feature-list-item elementor-repeater-item-b8f1e9b\">\n\t\t\t\t\n\t\t\t\t<div class=\"feature-list-icon-box\">\n\t\t\t\t\t<div class=\"feature-list-icon-inner\">\n\t\t\t\t\t\t<span class=\"feature-list-icon\">\n\t\t\t\t\t\t\t<i aria-hidden=\"true\" class=\"jki jki-check-light\"><\/i>\n\t\t\t\t\t\t<\/span>\n\t\t\t\t\t<\/div>\n\t\t\t\t<\/div>\n\t\t\t\t<div class=\"feature-list-content-box\">\n\t\t\t\t\t<h4 class=\"feature-list-title\">Modernisation des syst\u00e8mes CVAC et maintien d\u2019actif<\/h4>\n\t\t\t\t<\/div>\n\t\t\t<\/li><li class=\"feature-list-item elementor-repeater-item-064bc1f\">\n\t\t\t\t\n\t\t\t\t<div class=\"feature-list-icon-box\">\n\t\t\t\t\t<div class=\"feature-list-icon-inner\">\n\t\t\t\t\t\t<span class=\"feature-list-icon\">\n\t\t\t\t\t\t\t<i aria-hidden=\"true\" class=\"jki jki-check-light\"><\/i>\n\t\t\t\t\t\t<\/span>\n\t\t\t\t\t<\/div>\n\t\t\t\t<\/div>\n\t\t\t\t<div class=\"feature-list-content-box\">\n\t\t\t\t\t<h4 class=\"feature-list-title\">Simulation \u00e9nerg\u00e9tique<\/h4>\n\t\t\t\t<\/div>\n\t\t\t<\/li><\/ul><\/div>\t\t<\/div>\n\t\t\t\t<\/div>\n\t\t\t\t\t<\/div>\n\t\t<\/div>\n\t\t\t\t\t<\/div>\n\t\t<\/section>\n\t\t\t\t\t<\/div>\n\t\t<\/div>\n\t\t\t\t\t<\/div>\n\t\t<\/section>\n\t\t\t\t<section class=\"elementor-section elementor-top-section elementor-element elementor-element-439130e0 elementor-section-boxed elementor-section-height-default elementor-section-height-default\" data-id=\"439130e0\" data-element_type=\"section\" data-settings=\"{&quot;background_background&quot;:&quot;classic&quot;}\">\n\t\t\t\t\t\t<div class=\"elementor-container elementor-column-gap-default\">\n\t\t\t\t\t<div class=\"elementor-column elementor-col-100 elementor-top-column elementor-element elementor-element-25ea4243\" data-id=\"25ea4243\" data-element_type=\"column\">\n\t\t\t<div class=\"elementor-widget-wrap elementor-element-populated\">\n\t\t\t\t\t\t<section class=\"elementor-section elementor-inner-section elementor-element elementor-element-13dc5e9 elementor-section-boxed elementor-section-height-default elementor-section-height-default\" data-id=\"13dc5e9\" data-element_type=\"section\">\n\t\t\t\t\t\t<div class=\"elementor-container elementor-column-gap-default\">\n\t\t\t\t\t<div class=\"elementor-column elementor-col-100 elementor-inner-column elementor-element elementor-element-40b0f960\" data-id=\"40b0f960\" data-element_type=\"column\">\n\t\t\t<div class=\"elementor-widget-wrap elementor-element-populated\">\n\t\t\t\t\t\t\t<\/div>\n\t\t<\/div>\n\t\t\t\t\t<\/div>\n\t\t<\/section>\n\t\t\t\t\t<\/div>\n\t\t<\/div>\n\t\t\t\t\t<\/div>\n\t\t<\/section>\n\t\t\t\t<\/div>","protected":false},"excerpt":{"rendered":"<p>Efficacit\u00e9 \u00e9nerg\u00e9tique Conception de programme d\u2019entretien pr\u00e9ventif R\u00e9cup\u00e9ration de chaleur Conversion de source d\u2019\u00e9nergie Audit \u00e9nerg\u00e9tique Optimisation de syst\u00e8me CVAC Thermopompage Boucle de r\u00e9cup\u00e9ration au glycol Commissioning et recommissioning des syst\u00e8mes CVAC \u00c9tude \u00e9co\u00e9nerg\u00e9tique Recherche d\u2019appuis financiers Modernisation des syst\u00e8mes CVAC et maintien d\u2019actif Simulation \u00e9nerg\u00e9tique<\/p>","protected":false},"author":1,"featured_media":0,"parent":0,"menu_order":0,"comment_status":"closed","ping_status":"closed","template":"elementor_header_footer","meta":{"footnotes":""},"class_list":["post-894","page","type-page","status-publish","hentry"],"blocksy_meta":[],"_links":{"self":[{"href":"https:\/\/dev.enercogc.com\/en\/wp-json\/wp\/v2\/pages\/894","targetHints":{"allow":["GET"]}}],"collection":[{"href":"https:\/\/dev.enercogc.com\/en\/wp-json\/wp\/v2\/pages"}],"about":[{"href":"https:\/\/dev.enercogc.com\/en\/wp-json\/wp\/v2\/types\/page"}],"author":[{"embeddable":true,"href":"https:\/\/dev.enercogc.com\/en\/wp-json\/wp\/v2\/users\/1"}],"replies":[{"embeddable":true,"href":"https:\/\/dev.enercogc.com\/en\/wp-json\/wp\/v2\/comments?post=894"}],"version-history":[{"count":11,"href":"https:\/\/dev.enercogc.com\/en\/wp-json\/wp\/v2\/pages\/894\/revisions"}],"predecessor-version":[{"id":983,"href":"https:\/\/dev.enercogc.com\/en\/wp-json\/wp\/v2\/pages\/894\/revisions\/983"}],"wp:attachment":[{"href":"https:\/\/dev.enercogc.com\/en\/wp-json\/wp\/v2\/media?parent=894"}],"curies":[{"name":"wp","href":"https:\/\/api.w.org\/{rel}","templated":true}]}}