{"id":652,"date":"2024-06-28T11:55:32","date_gmt":"2024-06-28T15:55:32","guid":{"rendered":"http:\/\/testmesar\/?page_id=652"},"modified":"2024-08-08T13:34:12","modified_gmt":"2024-08-08T17:34:12","slug":"a-propos","status":"publish","type":"page","link":"https:\/\/dev.enercogc.com\/en\/a-propos\/","title":{"rendered":"\u00c0 propos"},"content":{"rendered":"<div data-elementor-type=\"wp-page\" data-elementor-id=\"652\" class=\"elementor elementor-652\">\n\t\t\t\t\t\t<section class=\"elementor-section elementor-top-section elementor-element elementor-element-49e67043 elementor-section-height-min-height elementor-section-items-bottom elementor-section-boxed elementor-section-height-default\" data-id=\"49e67043\" data-element_type=\"section\" data-settings=\"{&quot;background_background&quot;:&quot;gradient&quot;}\">\n\t\t\t\t\t\t\t<div class=\"elementor-background-overlay\"><\/div>\n\t\t\t\t\t\t\t<div class=\"elementor-container elementor-column-gap-default\">\n\t\t\t\t\t<div class=\"elementor-column elementor-col-50 elementor-top-column elementor-element elementor-element-79db71fb\" data-id=\"79db71fb\" data-element_type=\"column\">\n\t\t\t<div class=\"elementor-widget-wrap elementor-element-populated\">\n\t\t\t\t\t\t<div class=\"elementor-element elementor-element-7320d91b elementor-widget-mobile__width-auto elementor-widget-tablet__width-auto jkit-equal-height-disable elementor-widget elementor-widget-jkit_icon_box\" data-id=\"7320d91b\" data-element_type=\"widget\" data-widget_type=\"jkit_icon_box.default\">\n\t\t\t\t<div class=\"elementor-widget-container\">\n\t\t\t<div  class=\"jeg-elementor-kit jkit-icon-box icon-position-left elementor-animation- jeg_module___6a02e8fe25673\" ><div class=\"jkit-icon-box-wrapper hover-from-left\"><div class=\"icon-box icon-box-header elementor-animation-\"><div class=\"icon style-color\"><img fetchpriority=\"high\" decoding=\"async\" width=\"462\" height=\"196\" src=\"https:\/\/dev.enercogc.com\/wp-content\/uploads\/2024\/08\/cercles-04.png\" class=\"attachment-full size-full\" alt=\"\" url=\"https:\/\/dev.enercogc.com\/wp-content\/uploads\/2024\/08\/cercles-04.png\" source=\"library\" srcset=\"https:\/\/dev.enercogc.com\/wp-content\/uploads\/2024\/08\/cercles-04.png 462w, https:\/\/dev.enercogc.com\/wp-content\/uploads\/2024\/08\/cercles-04-300x127.png 300w, https:\/\/dev.enercogc.com\/wp-content\/uploads\/2024\/08\/cercles-04-18x8.png 18w\" sizes=\"(max-width: 462px) 100vw, 462px\" \/><\/div><\/div><div class=\"icon-box icon-box-body\">\n                \n            <\/div>\n            \n            <\/div><\/div>\t\t<\/div>\n\t\t\t\t<\/div>\n\t\t\t\t<div class=\"elementor-element elementor-element-596e0cde elementor-widget elementor-widget-jkit_heading\" data-id=\"596e0cde\" data-element_type=\"widget\" data-widget_type=\"jkit_heading.default\">\n\t\t\t\t<div class=\"elementor-widget-container\">\n\t\t\t<div  class=\"jeg-elementor-kit jkit-heading  align-left align-tablet-center align-mobile-center jeg_module__1_6a02e8fe26941\" ><div class=\"heading-section-title  display-inline-block\"><h1 class=\"heading-title\"><span class=\"style-color\"><span>\u00c0 propos<\/span><\/span><\/h1><\/div><div class=\"heading-section-description\"><p class=\"HelveticaNeueLtPro35Thin MarginLeft225px\"><strong>ENERCO GROUPE-CONSEIL<\/strong>\u00a0a pour mission d\u2019offrir des services d\u2019ing\u00e9nierie \u00e0 valeur ajout\u00e9e en mettant \u00e0 profit une \u00e9quipe de professionnels exp\u00e9riment\u00e9s et comp\u00e9tents pour r\u00e9pondre aux exigences particuli\u00e8res de ses clients.<\/p><p class=\"HelveticaNeueLtPro35Thin MarginLeft225px\">La cr\u00e9ativit\u00e9 et la durabilit\u00e9 de nos solutions sont \u00e0 la source m\u00eame de notre engagement.<\/p><\/div><\/div>\t\t<\/div>\n\t\t\t\t<\/div>\n\t\t\t\t\t<\/div>\n\t\t<\/div>\n\t\t\t\t<div class=\"elementor-column elementor-col-50 elementor-top-column elementor-element elementor-element-4d77fb1\" data-id=\"4d77fb1\" data-element_type=\"column\">\n\t\t\t<div class=\"elementor-widget-wrap\">\n\t\t\t\t\t\t\t<\/div>\n\t\t<\/div>\n\t\t\t\t\t<\/div>\n\t\t<\/section>\n\t\t\t\t<section class=\"elementor-section elementor-top-section elementor-element elementor-element-77ae61af elementor-section-boxed elementor-section-height-default elementor-section-height-default\" data-id=\"77ae61af\" data-element_type=\"section\">\n\t\t\t\t\t\t<div class=\"elementor-container elementor-column-gap-default\">\n\t\t\t\t\t<div class=\"elementor-column elementor-col-50 elementor-top-column elementor-element elementor-element-4323d7c1\" data-id=\"4323d7c1\" data-element_type=\"column\">\n\t\t\t<div class=\"elementor-widget-wrap elementor-element-populated\">\n\t\t\t\t\t\t<div class=\"elementor-element elementor-element-371b9e84 elementor-widget elementor-widget-image\" data-id=\"371b9e84\" data-element_type=\"widget\" data-widget_type=\"image.default\">\n\t\t\t\t<div class=\"elementor-widget-container\">\n\t\t\t<style>\/*! elementor - v3.23.0 - 05-08-2024 *\/\n.elementor-widget-image{text-align:center}.elementor-widget-image a{display:inline-block}.elementor-widget-image a img[src$=\".svg\"]{width:48px}.elementor-widget-image img{vertical-align:middle;display:inline-block}<\/style>\t\t\t\t\t\t\t\t\t\t<img decoding=\"async\" width=\"1024\" height=\"683\" src=\"https:\/\/dev.enercogc.com\/wp-content\/uploads\/2024\/06\/ristechjpg-01-1024x683.jpg\" class=\"attachment-large size-large wp-image-77\" alt=\"\" srcset=\"https:\/\/dev.enercogc.com\/wp-content\/uploads\/2024\/06\/ristechjpg-01-1024x683.jpg 1024w, https:\/\/dev.enercogc.com\/wp-content\/uploads\/2024\/06\/ristechjpg-01-300x200.jpg 300w, https:\/\/dev.enercogc.com\/wp-content\/uploads\/2024\/06\/ristechjpg-01-768x512.jpg 768w, https:\/\/dev.enercogc.com\/wp-content\/uploads\/2024\/06\/ristechjpg-01-18x12.jpg 18w, https:\/\/dev.enercogc.com\/wp-content\/uploads\/2024\/06\/ristechjpg-01.jpg 1500w\" sizes=\"(max-width: 1024px) 100vw, 1024px\" \/>\t\t\t\t\t\t\t\t\t\t\t\t\t<\/div>\n\t\t\t\t<\/div>\n\t\t\t\t\t<\/div>\n\t\t<\/div>\n\t\t\t\t<div class=\"elementor-column elementor-col-50 elementor-top-column elementor-element elementor-element-686407e6\" data-id=\"686407e6\" data-element_type=\"column\">\n\t\t\t<div class=\"elementor-widget-wrap elementor-element-populated\">\n\t\t\t\t\t\t<div class=\"elementor-element elementor-element-4fcf0429 jkit-equal-height-disable elementor-widget elementor-widget-jkit_icon_box\" data-id=\"4fcf0429\" data-element_type=\"widget\" data-widget_type=\"jkit_icon_box.default\">\n\t\t\t\t<div class=\"elementor-widget-container\">\n\t\t\t<div  class=\"jeg-elementor-kit jkit-icon-box icon-position-left elementor-animation- jeg_module__2_6a02e8fe28803\" ><div class=\"jkit-icon-box-wrapper hover-from-left\"><div class=\"icon-box icon-box-header elementor-animation-\"><div class=\"icon style-color\"><img fetchpriority=\"high\" decoding=\"async\" width=\"462\" height=\"196\" src=\"https:\/\/dev.enercogc.com\/wp-content\/uploads\/2024\/08\/cercles-04.png\" class=\"attachment-full size-full\" alt=\"\" url=\"https:\/\/dev.enercogc.com\/wp-content\/uploads\/2024\/08\/cercles-04.png\" source=\"library\" srcset=\"https:\/\/dev.enercogc.com\/wp-content\/uploads\/2024\/08\/cercles-04.png 462w, https:\/\/dev.enercogc.com\/wp-content\/uploads\/2024\/08\/cercles-04-300x127.png 300w, https:\/\/dev.enercogc.com\/wp-content\/uploads\/2024\/08\/cercles-04-18x8.png 18w\" sizes=\"(max-width: 462px) 100vw, 462px\" \/><\/div><\/div><div class=\"icon-box icon-box-body\">\n                \n            <\/div>\n            \n            <\/div><\/div>\t\t<\/div>\n\t\t\t\t<\/div>\n\t\t\t\t<div class=\"elementor-element elementor-element-1fb5116b elementor-widget elementor-widget-heading\" data-id=\"1fb5116b\" data-element_type=\"widget\" data-widget_type=\"heading.default\">\n\t\t\t\t<div class=\"elementor-widget-container\">\n\t\t\t<style>\/*! elementor - v3.23.0 - 05-08-2024 *\/\n.elementor-heading-title{padding:0;margin:0;line-height:1}.elementor-widget-heading .elementor-heading-title[class*=elementor-size-]>a{color:inherit;font-size:inherit;line-height:inherit}.elementor-widget-heading .elementor-heading-title.elementor-size-small{font-size:15px}.elementor-widget-heading .elementor-heading-title.elementor-size-medium{font-size:19px}.elementor-widget-heading .elementor-heading-title.elementor-size-large{font-size:29px}.elementor-widget-heading .elementor-heading-title.elementor-size-xl{font-size:39px}.elementor-widget-heading .elementor-heading-title.elementor-size-xxl{font-size:59px}<\/style><h2 class=\"elementor-heading-title elementor-size-default\">\u00c9quipe et savoir-faire<\/h2>\t\t<\/div>\n\t\t\t\t<\/div>\n\t\t\t\t<div class=\"elementor-element elementor-element-af456aa elementor-widget elementor-widget-text-editor\" data-id=\"af456aa\" data-element_type=\"widget\" data-widget_type=\"text-editor.default\">\n\t\t\t\t<div class=\"elementor-widget-container\">\n\t\t\t<style>\/*! elementor - v3.23.0 - 05-08-2024 *\/\n.elementor-widget-text-editor.elementor-drop-cap-view-stacked .elementor-drop-cap{background-color:#69727d;color:#fff}.elementor-widget-text-editor.elementor-drop-cap-view-framed .elementor-drop-cap{color:#69727d;border:3px solid;background-color:transparent}.elementor-widget-text-editor:not(.elementor-drop-cap-view-default) .elementor-drop-cap{margin-top:8px}.elementor-widget-text-editor:not(.elementor-drop-cap-view-default) .elementor-drop-cap-letter{width:1em;height:1em}.elementor-widget-text-editor .elementor-drop-cap{float:left;text-align:center;line-height:1;font-size:50px}.elementor-widget-text-editor .elementor-drop-cap-letter{display:inline-block}<\/style>\t\t\t\t<p class=\"HelveticaNeueLtPro35Thin\" style=\"margin-bottom: 24px; font-family: HelveticaNeueThin, HelveticaNeue-Thin, 'Helvetica Neue Thin', HelveticaNeue, 'Helvetica Neue', TeXGyreHerosRegular, Arial, sans-serif; font-size: 16px; font-weight: 400; color: #666666; font-style: normal; font-variant-ligatures: normal; font-variant-caps: normal; letter-spacing: normal;\"><strong>ENERCO GROUPE-CONSEIL<\/strong>\u00a0est compos\u00e9 d\u2019une \u00e9quipe dynamique et passionn\u00e9e qui met \u00e0 votre disposition toutes les comp\u00e9tences techniques requises pour la r\u00e9alisation de vos projets.<\/p><p class=\"HelveticaNeueLtPro35Thin\" style=\"margin-bottom: 24px; font-family: HelveticaNeueThin, HelveticaNeue-Thin, 'Helvetica Neue Thin', HelveticaNeue, 'Helvetica Neue', TeXGyreHerosRegular, Arial, sans-serif; font-size: 16px; font-weight: 400; color: #666666; font-style: normal; font-variant-ligatures: normal; font-variant-caps: normal; letter-spacing: normal;\">L\u2019implication de nos sp\u00e9cialistes dans une multitude de projets au cours des derni\u00e8res ann\u00e9es a permis d\u2019acqu\u00e9rir une exp\u00e9rience de taille en g\u00e9nie du b\u00e2timent.<\/p><p class=\"HelveticaNeueLtPro35Thin\" style=\"margin-bottom: 24px; font-family: HelveticaNeueThin, HelveticaNeue-Thin, 'Helvetica Neue Thin', HelveticaNeue, 'Helvetica Neue', TeXGyreHerosRegular, Arial, sans-serif; font-size: 16px; font-weight: 400; color: #666666; font-style: normal; font-variant-ligatures: normal; font-variant-caps: normal; letter-spacing: normal;\">Notre champ d\u2019expertise inclus \u00e9galement l\u2019optimisation et l\u2019efficacit\u00e9 \u00e9nerg\u00e9tique des installations \u00e9lectrom\u00e9caniques. Nos solutions permettent de simplifier les syst\u00e8mes, r\u00e9duire leur entretien et leur consommation \u00e9nerg\u00e9tique tout en am\u00e9liorant leur performance.<\/p>\t\t\t\t\t\t<\/div>\n\t\t\t\t<\/div>\n\t\t\t\t\t<\/div>\n\t\t<\/div>\n\t\t\t\t\t<\/div>\n\t\t<\/section>\n\t\t\t\t<section class=\"elementor-section elementor-top-section elementor-element elementor-element-77dc50b3 elementor-section-boxed elementor-section-height-default elementor-section-height-default\" data-id=\"77dc50b3\" data-element_type=\"section\">\n\t\t\t\t\t\t<div class=\"elementor-container elementor-column-gap-default\">\n\t\t\t\t\t<div class=\"elementor-column elementor-col-50 elementor-top-column elementor-element elementor-element-141ee566\" data-id=\"141ee566\" data-element_type=\"column\">\n\t\t\t<div class=\"elementor-widget-wrap elementor-element-populated\">\n\t\t\t\t\t\t<div class=\"elementor-element elementor-element-219a7c08 jkit-equal-height-disable elementor-widget elementor-widget-jkit_icon_box\" data-id=\"219a7c08\" data-element_type=\"widget\" data-widget_type=\"jkit_icon_box.default\">\n\t\t\t\t<div class=\"elementor-widget-container\">\n\t\t\t<div  class=\"jeg-elementor-kit jkit-icon-box icon-position-left elementor-animation- jeg_module__3_6a02e8fe29765\" ><div class=\"jkit-icon-box-wrapper hover-from-left\"><div class=\"icon-box icon-box-header elementor-animation-\"><div class=\"icon style-color\"><img decoding=\"async\" width=\"462\" height=\"196\" src=\"https:\/\/dev.enercogc.com\/wp-content\/uploads\/2024\/06\/cercles-01.png\" class=\"attachment-full size-full\" alt=\"\" url=\"https:\/\/dev.enercogc.com\/wp-content\/uploads\/2024\/06\/cercles-01.png\" source=\"library\" srcset=\"https:\/\/dev.enercogc.com\/wp-content\/uploads\/2024\/06\/cercles-01.png 462w, https:\/\/dev.enercogc.com\/wp-content\/uploads\/2024\/06\/cercles-01-300x127.png 300w, https:\/\/dev.enercogc.com\/wp-content\/uploads\/2024\/06\/cercles-01-18x8.png 18w\" sizes=\"(max-width: 462px) 100vw, 462px\" \/><\/div><\/div><div class=\"icon-box icon-box-body\">\n                \n            <\/div>\n            \n            <\/div><\/div>\t\t<\/div>\n\t\t\t\t<\/div>\n\t\t\t\t<div class=\"elementor-element elementor-element-8b1190c elementor-widget elementor-widget-heading\" data-id=\"8b1190c\" data-element_type=\"widget\" data-widget_type=\"heading.default\">\n\t\t\t\t<div class=\"elementor-widget-container\">\n\t\t\t<h2 class=\"elementor-heading-title elementor-size-default\">Nos valeurs<\/h2>\t\t<\/div>\n\t\t\t\t<\/div>\n\t\t\t\t<div class=\"elementor-element elementor-element-256f40a elementor-widget elementor-widget-accordion\" data-id=\"256f40a\" data-element_type=\"widget\" data-widget_type=\"accordion.default\">\n\t\t\t\t<div class=\"elementor-widget-container\">\n\t\t\t<style>.elementor-accordion{text-align:start}.elementor-accordion .elementor-accordion-item{border:1px solid #d5d8dc}.elementor-accordion .elementor-accordion-item+.elementor-accordion-item{border-top:none}.elementor-accordion .elementor-tab-title{margin:0;padding:15px 20px;font-weight:700;line-height:1;cursor:pointer;outline:none}.elementor-accordion .elementor-tab-title .elementor-accordion-icon{display:inline-block;width:1.5em}.elementor-accordion .elementor-tab-title .elementor-accordion-icon svg{width:1em;height:1em}.elementor-accordion .elementor-tab-title .elementor-accordion-icon.elementor-accordion-icon-right{float:right;text-align:right}.elementor-accordion .elementor-tab-title .elementor-accordion-icon.elementor-accordion-icon-left{float:left;text-align:left}.elementor-accordion .elementor-tab-title .elementor-accordion-icon .elementor-accordion-icon-closed{display:block}.elementor-accordion .elementor-tab-title .elementor-accordion-icon .elementor-accordion-icon-opened,.elementor-accordion .elementor-tab-title.elementor-active .elementor-accordion-icon-closed{display:none}.elementor-accordion .elementor-tab-title.elementor-active .elementor-accordion-icon-opened{display:block}.elementor-accordion .elementor-tab-content{display:none;padding:15px 20px;border-top:1px solid #d5d8dc}@media (max-width:767px){.elementor-accordion .elementor-tab-title{padding:12px 15px}.elementor-accordion .elementor-tab-title .elementor-accordion-icon{width:1.2em}.elementor-accordion .elementor-tab-content{padding:7px 15px}}.e-con-inner>.elementor-widget-accordion,.e-con>.elementor-widget-accordion{width:var(--container-widget-width);--flex-grow:var(--container-widget-flex-grow)}<\/style>\t\t<div class=\"elementor-accordion\">\n\t\t\t\t\t\t\t<div class=\"elementor-accordion-item\">\n\t\t\t\t\t<div id=\"elementor-tab-title-3921\" class=\"elementor-tab-title\" data-tab=\"1\" role=\"button\" aria-controls=\"elementor-tab-content-3921\" aria-expanded=\"false\">\n\t\t\t\t\t\t\t\t\t\t\t\t\t<span class=\"elementor-accordion-icon elementor-accordion-icon-left\" aria-hidden=\"true\">\n\t\t\t\t\t\t\t\t\t\t\t\t\t\t\t<span class=\"elementor-accordion-icon-closed\"><svg class=\"e-font-icon-svg e-fas-plus\" viewbox=\"0 0 448 512\" xmlns=\"http:\/\/www.w3.org\/2000\/svg\"><path d=\"M416 208H272V64c0-17.67-14.33-32-32-32h-32c-17.67 0-32 14.33-32 32v144H32c-17.67 0-32 14.33-32 32v32c0 17.67 14.33 32 32 32h144v144c0 17.67 14.33 32 32 32h32c17.67 0 32-14.33 32-32V304h144c17.67 0 32-14.33 32-32v-32c0-17.67-14.33-32-32-32z\"><\/path><\/svg><\/span>\n\t\t\t\t\t\t\t\t<span class=\"elementor-accordion-icon-opened\"><svg class=\"e-font-icon-svg e-fas-minus\" viewbox=\"0 0 448 512\" xmlns=\"http:\/\/www.w3.org\/2000\/svg\"><path d=\"M416 208H32c-17.67 0-32 14.33-32 32v32c0 17.67 14.33 32 32 32h384c17.67 0 32-14.33 32-32v-32c0-17.67-14.33-32-32-32z\"><\/path><\/svg><\/span>\n\t\t\t\t\t\t\t\t\t\t\t\t\t\t<\/span>\n\t\t\t\t\t\t\t\t\t\t\t\t<a class=\"elementor-accordion-title\" tabindex=\"0\">Engagement<\/a>\n\t\t\t\t\t<\/div>\n\t\t\t\t\t<div id=\"elementor-tab-content-3921\" class=\"elementor-tab-content elementor-clearfix\" data-tab=\"1\" role=\"region\" aria-labelledby=\"elementor-tab-title-3921\"><p>Ne pas jeter la serviette, faire face aux probl\u00e8mes, s&rsquo;impliquer pour le succ\u00e8s de l&rsquo;entreprise m\u00eame si ce n&rsquo;est pas facile, autonomie (sugg\u00e9rer des solutions), imputabilit\u00e9, motivation.<\/p><\/div>\n\t\t\t\t<\/div>\n\t\t\t\t\t\t\t<div class=\"elementor-accordion-item\">\n\t\t\t\t\t<div id=\"elementor-tab-title-3922\" class=\"elementor-tab-title\" data-tab=\"2\" role=\"button\" aria-controls=\"elementor-tab-content-3922\" aria-expanded=\"false\">\n\t\t\t\t\t\t\t\t\t\t\t\t\t<span class=\"elementor-accordion-icon elementor-accordion-icon-left\" aria-hidden=\"true\">\n\t\t\t\t\t\t\t\t\t\t\t\t\t\t\t<span class=\"elementor-accordion-icon-closed\"><svg class=\"e-font-icon-svg e-fas-plus\" viewbox=\"0 0 448 512\" xmlns=\"http:\/\/www.w3.org\/2000\/svg\"><path d=\"M416 208H272V64c0-17.67-14.33-32-32-32h-32c-17.67 0-32 14.33-32 32v144H32c-17.67 0-32 14.33-32 32v32c0 17.67 14.33 32 32 32h144v144c0 17.67 14.33 32 32 32h32c17.67 0 32-14.33 32-32V304h144c17.67 0 32-14.33 32-32v-32c0-17.67-14.33-32-32-32z\"><\/path><\/svg><\/span>\n\t\t\t\t\t\t\t\t<span class=\"elementor-accordion-icon-opened\"><svg class=\"e-font-icon-svg e-fas-minus\" viewbox=\"0 0 448 512\" xmlns=\"http:\/\/www.w3.org\/2000\/svg\"><path d=\"M416 208H32c-17.67 0-32 14.33-32 32v32c0 17.67 14.33 32 32 32h384c17.67 0 32-14.33 32-32v-32c0-17.67-14.33-32-32-32z\"><\/path><\/svg><\/span>\n\t\t\t\t\t\t\t\t\t\t\t\t\t\t<\/span>\n\t\t\t\t\t\t\t\t\t\t\t\t<a class=\"elementor-accordion-title\" tabindex=\"0\">Respect<\/a>\n\t\t\t\t\t<\/div>\n\t\t\t\t\t<div id=\"elementor-tab-content-3922\" class=\"elementor-tab-content elementor-clearfix\" data-tab=\"2\" role=\"region\" aria-labelledby=\"elementor-tab-title-3922\"><p>Sentiment de consid\u00e9ration par l&rsquo;\u00e9coute, l&rsquo;\u00e9quit\u00e9, l&#8217;empathie, la politesse, la patience et le respect des limites.<\/p><\/div>\n\t\t\t\t<\/div>\n\t\t\t\t\t\t\t<div class=\"elementor-accordion-item\">\n\t\t\t\t\t<div id=\"elementor-tab-title-3923\" class=\"elementor-tab-title\" data-tab=\"3\" role=\"button\" aria-controls=\"elementor-tab-content-3923\" aria-expanded=\"false\">\n\t\t\t\t\t\t\t\t\t\t\t\t\t<span class=\"elementor-accordion-icon elementor-accordion-icon-left\" aria-hidden=\"true\">\n\t\t\t\t\t\t\t\t\t\t\t\t\t\t\t<span class=\"elementor-accordion-icon-closed\"><svg class=\"e-font-icon-svg e-fas-plus\" viewbox=\"0 0 448 512\" xmlns=\"http:\/\/www.w3.org\/2000\/svg\"><path d=\"M416 208H272V64c0-17.67-14.33-32-32-32h-32c-17.67 0-32 14.33-32 32v144H32c-17.67 0-32 14.33-32 32v32c0 17.67 14.33 32 32 32h144v144c0 17.67 14.33 32 32 32h32c17.67 0 32-14.33 32-32V304h144c17.67 0 32-14.33 32-32v-32c0-17.67-14.33-32-32-32z\"><\/path><\/svg><\/span>\n\t\t\t\t\t\t\t\t<span class=\"elementor-accordion-icon-opened\"><svg class=\"e-font-icon-svg e-fas-minus\" viewbox=\"0 0 448 512\" xmlns=\"http:\/\/www.w3.org\/2000\/svg\"><path d=\"M416 208H32c-17.67 0-32 14.33-32 32v32c0 17.67 14.33 32 32 32h384c17.67 0 32-14.33 32-32v-32c0-17.67-14.33-32-32-32z\"><\/path><\/svg><\/span>\n\t\t\t\t\t\t\t\t\t\t\t\t\t\t<\/span>\n\t\t\t\t\t\t\t\t\t\t\t\t<a class=\"elementor-accordion-title\" tabindex=\"0\">Int\u00e9grit\u00e9<\/a>\n\t\t\t\t\t<\/div>\n\t\t\t\t\t<div id=\"elementor-tab-content-3923\" class=\"elementor-tab-content elementor-clearfix\" data-tab=\"3\" role=\"region\" aria-labelledby=\"elementor-tab-title-3923\"><p>\u00catre honn\u00eate envers nos clients et nos employ\u00e9s. \u00catre loyaux, sans ambigu\u00eft\u00e9, \u00e9quitable, juste et transparent.<\/p><\/div>\n\t\t\t\t<\/div>\n\t\t\t\t\t\t\t<div class=\"elementor-accordion-item\">\n\t\t\t\t\t<div id=\"elementor-tab-title-3924\" class=\"elementor-tab-title\" data-tab=\"4\" role=\"button\" aria-controls=\"elementor-tab-content-3924\" aria-expanded=\"false\">\n\t\t\t\t\t\t\t\t\t\t\t\t\t<span class=\"elementor-accordion-icon elementor-accordion-icon-left\" aria-hidden=\"true\">\n\t\t\t\t\t\t\t\t\t\t\t\t\t\t\t<span class=\"elementor-accordion-icon-closed\"><svg class=\"e-font-icon-svg e-fas-plus\" viewbox=\"0 0 448 512\" xmlns=\"http:\/\/www.w3.org\/2000\/svg\"><path d=\"M416 208H272V64c0-17.67-14.33-32-32-32h-32c-17.67 0-32 14.33-32 32v144H32c-17.67 0-32 14.33-32 32v32c0 17.67 14.33 32 32 32h144v144c0 17.67 14.33 32 32 32h32c17.67 0 32-14.33 32-32V304h144c17.67 0 32-14.33 32-32v-32c0-17.67-14.33-32-32-32z\"><\/path><\/svg><\/span>\n\t\t\t\t\t\t\t\t<span class=\"elementor-accordion-icon-opened\"><svg class=\"e-font-icon-svg e-fas-minus\" viewbox=\"0 0 448 512\" xmlns=\"http:\/\/www.w3.org\/2000\/svg\"><path d=\"M416 208H32c-17.67 0-32 14.33-32 32v32c0 17.67 14.33 32 32 32h384c17.67 0 32-14.33 32-32v-32c0-17.67-14.33-32-32-32z\"><\/path><\/svg><\/span>\n\t\t\t\t\t\t\t\t\t\t\t\t\t\t<\/span>\n\t\t\t\t\t\t\t\t\t\t\t\t<a class=\"elementor-accordion-title\" tabindex=\"0\">Cr\u00e9ativit\u00e9<\/a>\n\t\t\t\t\t<\/div>\n\t\t\t\t\t<div id=\"elementor-tab-content-3924\" class=\"elementor-tab-content elementor-clearfix\" data-tab=\"4\" role=\"region\" aria-labelledby=\"elementor-tab-title-3924\"><p>Penser en dehors de la bo\u00eete et faire preuve d&rsquo;ing\u00e9niosit\u00e9 tout en respectant des contraintes et r\u00e8gles de l&rsquo;art. Voir au del\u00e0 des m\u00e9thodes classiques et traditionnelles.<\/p><\/div>\n\t\t\t\t<\/div>\n\t\t\t\t\t\t\t\t<\/div>\n\t\t\t\t<\/div>\n\t\t\t\t<\/div>\n\t\t\t\t\t<\/div>\n\t\t<\/div>\n\t\t\t\t<div class=\"elementor-column elementor-col-50 elementor-top-column elementor-element elementor-element-47359b41\" data-id=\"47359b41\" data-element_type=\"column\">\n\t\t\t<div class=\"elementor-widget-wrap elementor-element-populated\">\n\t\t\t\t\t\t<div class=\"elementor-element elementor-element-1736a663 elementor-widget elementor-widget-image\" data-id=\"1736a663\" data-element_type=\"widget\" data-widget_type=\"image.default\">\n\t\t\t\t<div class=\"elementor-widget-container\">\n\t\t\t\t\t\t\t\t\t\t\t\t\t<img loading=\"lazy\" decoding=\"async\" width=\"683\" height=\"1024\" src=\"https:\/\/dev.enercogc.com\/wp-content\/uploads\/2024\/06\/ristechjpg-03-683x1024.jpg\" class=\"attachment-large size-large wp-image-98\" alt=\"\" srcset=\"https:\/\/dev.enercogc.com\/wp-content\/uploads\/2024\/06\/ristechjpg-03-683x1024.jpg 683w, https:\/\/dev.enercogc.com\/wp-content\/uploads\/2024\/06\/ristechjpg-03-200x300.jpg 200w, https:\/\/dev.enercogc.com\/wp-content\/uploads\/2024\/06\/ristechjpg-03-768x1151.jpg 768w, https:\/\/dev.enercogc.com\/wp-content\/uploads\/2024\/06\/ristechjpg-03-1024x1536.jpg 1024w, https:\/\/dev.enercogc.com\/wp-content\/uploads\/2024\/06\/ristechjpg-03-1366x2048.jpg 1366w, https:\/\/dev.enercogc.com\/wp-content\/uploads\/2024\/06\/ristechjpg-03-8x12.jpg 8w, https:\/\/dev.enercogc.com\/wp-content\/uploads\/2024\/06\/ristechjpg-03.jpg 1500w\" sizes=\"(max-width: 683px) 100vw, 683px\" \/>\t\t\t\t\t\t\t\t\t\t\t\t\t<\/div>\n\t\t\t\t<\/div>\n\t\t\t\t\t<\/div>\n\t\t<\/div>\n\t\t\t\t\t<\/div>\n\t\t<\/section>\n\t\t\t\t<\/div>","protected":false},"excerpt":{"rendered":"<p>\u00c0 propos ENERCO GROUPE-CONSEIL\u00a0a pour mission d\u2019offrir des services d\u2019ing\u00e9nierie \u00e0 valeur ajout\u00e9e en mettant \u00e0 profit une \u00e9quipe de professionnels exp\u00e9riment\u00e9s et comp\u00e9tents pour r\u00e9pondre aux exigences particuli\u00e8res de ses clients. La cr\u00e9ativit\u00e9 et la durabilit\u00e9 de nos solutions sont \u00e0 la source m\u00eame de notre engagement. \u00c9quipe et savoir-faire ENERCO GROUPE-CONSEIL\u00a0est compos\u00e9 d\u2019une [&hellip;]<\/p>","protected":false},"author":1,"featured_media":0,"parent":0,"menu_order":0,"comment_status":"closed","ping_status":"closed","template":"elementor_header_footer","meta":{"footnotes":""},"class_list":["post-652","page","type-page","status-publish","hentry"],"blocksy_meta":[],"_links":{"self":[{"href":"https:\/\/dev.enercogc.com\/en\/wp-json\/wp\/v2\/pages\/652","targetHints":{"allow":["GET"]}}],"collection":[{"href":"https:\/\/dev.enercogc.com\/en\/wp-json\/wp\/v2\/pages"}],"about":[{"href":"https:\/\/dev.enercogc.com\/en\/wp-json\/wp\/v2\/types\/page"}],"author":[{"embeddable":true,"href":"https:\/\/dev.enercogc.com\/en\/wp-json\/wp\/v2\/users\/1"}],"replies":[{"embeddable":true,"href":"https:\/\/dev.enercogc.com\/en\/wp-json\/wp\/v2\/comments?post=652"}],"version-history":[{"count":109,"href":"https:\/\/dev.enercogc.com\/en\/wp-json\/wp\/v2\/pages\/652\/revisions"}],"predecessor-version":[{"id":993,"href":"https:\/\/dev.enercogc.com\/en\/wp-json\/wp\/v2\/pages\/652\/revisions\/993"}],"wp:attachment":[{"href":"https:\/\/dev.enercogc.com\/en\/wp-json\/wp\/v2\/media?parent=652"}],"curies":[{"name":"wp","href":"https:\/\/api.w.org\/{rel}","templated":true}]}}